{"id":24284,"date":"2023-10-10T07:21:14","date_gmt":"2023-10-10T07:21:14","guid":{"rendered":"https:\/\/tibmetratges.net\/preguntes-frequents\/"},"modified":"2024-09-13T12:51:57","modified_gmt":"2024-09-13T12:51:57","slug":"preguntas-frequentes","status":"publish","type":"page","link":"https:\/\/tibmetratges.net\/es\/preguntas-frequentes\/","title":{"rendered":"Preguntas frecuentes"},"content":{"rendered":"\t\t<div data-elementor-type=\"wp-page\" data-elementor-id=\"24284\" class=\"elementor elementor-24284 elementor-23897\">\n\t\t\t\t\t\t<section class=\"elementor-section elementor-top-section elementor-element elementor-element-5ba5a0a elementor-section-boxed elementor-section-height-default elementor-section-height-default sc_fly_static\" data-id=\"5ba5a0a\" data-element_type=\"section\" data-settings=\"{&quot;background_background&quot;:&quot;classic&quot;}\">\n\t\t\t\t\t\t<div class=\"elementor-container elementor-column-gap-extended\">\n\t\t\t\t\t<div class=\"elementor-column elementor-col-100 elementor-top-column elementor-element elementor-element-957fcca sc_inner_width_none sc_content_align_inherit sc_layouts_column_icons_position_left sc_fly_static\" data-id=\"957fcca\" data-element_type=\"column\">\n\t\t\t<div class=\"elementor-widget-wrap elementor-element-populated\">\n\t\t\t\t\t\t<div class=\"elementor-element elementor-element-de10944 sc_fly_static elementor-widget elementor-widget-trx_sc_title\" data-id=\"de10944\" data-element_type=\"widget\" data-widget_type=\"trx_sc_title.default\">\n\t\t\t\t<div class=\"elementor-widget-container\">\n\t\t\t<div\t\tclass=\"sc_title sc_title_default\" ><h2 class=\"sc_item_title sc_title_title sc_item_title_style_default trx_addons_inline_616815502\"\n\t\t\t><span class=\"sc_item_title_text\">PREGUNTAS FRECUENTES<\/span><\/h2><\/div>\t\t<\/div>\n\t\t\t\t<\/div>\n\t\t\t\t\t<\/div>\n\t\t<\/div>\n\t\t\t\t\t<\/div>\n\t\t<\/section>\n\t\t\t\t<section class=\"elementor-section elementor-top-section elementor-element elementor-element-e6ca105 elementor-section-boxed elementor-section-height-default elementor-section-height-default sc_fly_static\" data-id=\"e6ca105\" data-element_type=\"section\" data-settings=\"{&quot;background_background&quot;:&quot;classic&quot;}\">\n\t\t\t\t\t\t\t<div class=\"elementor-background-overlay\"><\/div>\n\t\t\t\t\t\t\t<div class=\"elementor-container elementor-column-gap-extended\">\n\t\t\t\t\t<div class=\"elementor-column elementor-col-100 elementor-top-column elementor-element elementor-element-693dad6 sc_inner_width_none sc_content_align_inherit sc_layouts_column_icons_position_left sc_fly_static\" data-id=\"693dad6\" data-element_type=\"column\">\n\t\t\t<div class=\"elementor-widget-wrap elementor-element-populated\">\n\t\t\t\t\t\t<div class=\"elementor-element elementor-element-81afd2e sc_fly_static elementor-widget elementor-widget-text-editor\" data-id=\"81afd2e\" data-element_type=\"widget\" data-widget_type=\"text-editor.default\">\n\t\t\t\t<div class=\"elementor-widget-container\">\n\t\t\t\t\t\t\t<h3>\u00bfC\u00f3mo puedo participar?<\/strong> <\/span><\/span><\/h5>\nEscribe tu guion, graba tu v\u00eddeo y s\u00fabelo a una de tus redes sociales Para presentarlo al concurso tienes que enviar un correo electr\u00f3nico a <a href=\"mailto:tibmetratges@tib.org\">tibmetratges@tib.org<\/a> con el siguiente contenido:\n<ol>\n \t<li>Nombre y apellidos del autor o autores del cortometraje<\/li>\n \t<li>Enlace donde visualizar y descargar el v\u00eddeo. <u>NO se tiene que adjuntar el archivo original del v\u00eddeo<\/u>, solo se necesita la URL donde poder acceder para verlo y descargarlo.<\/li>\n \t<li>T\u00edtulo del v\u00eddeo.<\/li>\n \t<li>Documento <a href=\"https:\/\/tibmetratges.net\/wp-content\/uploads\/2024\/09\/Annex-Dades-Politica-Privacitat-Tibmetratges_CAST.pdf\"><strong>\u00abDatos pol\u00edtica de privacidad Tibmetratges\u00bb<\/strong><\/a> correctamente rellenado con los datos y firmado.<\/li>\n \t<li>DNI o documento identificativo del autor o de los autores escaneado.<\/li>\n<\/ol>\nTodas las propuestas recibir\u00e1n un correo de confirmaci\u00f3n y aceptaci\u00f3n por parte de la organizaci\u00f3n del festival. Se rechazar\u00e1n aquellas propuestas que no se adecuen a las condiciones establecidas y especificadas en las bases del concurso.\nNo se establecen requisitos de calidad, pero las propuestas con una calidad que no permita una buena visualizaci\u00f3n en dispositivos convencionales, como por ejemplo el monitor de un ordenador o de un televisor de 30 pulgadas (37,4 cm x 66,4 cm) ser\u00e1n rechazadas por el jurado. El sonido tambi\u00e9n se tiene que cuidar, con una calidad aceptable para la audici\u00f3n.\n<h3>\u00bfEs necesaria la participaci\u00f3n de actores?<\/h3>\nEn los v\u00eddeos pueden participar actores, pero si salen personas las cuales se identifican de manera evidente, se tiene que disponer de la autorizaci\u00f3n de \u00e9stas para la participaci\u00f3n en el concurso y la publicaci\u00f3n por parte del TIB en medios audiovisuales, Videowall y redes sociales, entre otros posibles soportes de difusi\u00f3n masiva a todos los p\u00fablicos. La empresa organizadora Moventis, el Consorcio de Transportes de Mallorca (CTM) y Servicios Ferroviarios de Mallorca (SFM) no se hacen responsables de la petici\u00f3n del permiso a las personas que aparecen en los cortometrajes.\n<h3>\u00bfNecesito solicitar permiso de rodaje?<\/h3>\nEn el caso de que se quiera grabar dentro de las\u00a0instalaciones de SFM, bien sea en las estaciones de tren o metro, en el\u00a0interior de los mismos o en otras dependencias, es necesario pedir autorizaci\u00f3n\u00a0previamente, solicit\u00e1ndola por correo electr\u00f3nico\u00a0a: <a href=\"mailto:info@trensfm.com\">info@trensfm.com<\/a>. Se debe indicar d\u00eda, horario aproximado, lugar\/es donde se\u00a0quiere filmar y nombre\/DNI de las personas que estar\u00e1n durante la grabaci\u00f3n.\u00a0SFM remitir\u00e1 la autorizaci\u00f3n firmada a los interesados a la mayor brevedad\u00a0posible.\n<h3>Si aparecen actores, \u00bfdeben hablar?<\/h3>\nLos actores que salgan al v\u00eddeo pueden hablar o no, no es un requisito que lo hagan.\n<h3>Los v\u00eddeos, \u00bftienen que tener m\u00fasica?<\/h3>\nLa m\u00fasica siempre es recomendable, pero no es un requisito. Los creadores pueden decidir si incluir o no m\u00fasica en sus v\u00eddeos, a pesar de que, si se incluye, esta tiene que disponer de los derechos correspondientes para la reproducci\u00f3n p\u00fablica.\n<h3>\u00bfPuedo hacer mi v\u00eddeo con un tel\u00e9fono m\u00f3vil?<\/h3>\nEl aparato para grabar el v\u00eddeo puede ser cualquiera, siempre que consiga la calidad m\u00ednima para visualizarse en un monitor de 30 pulgadas.\n<h3>\u00bfLos v\u00eddeos tienen que tener sobreimpresiones y\/o t\u00edtulos finales?<\/h3>\nNo es necesario que las propuestas tengan sobreimpresiones de textos ni tampoco t\u00edtulos finales, a pesar de que se pueden incluir. Se tiene que tener en cuenta que la incorporaci\u00f3n de t\u00edtulos finales ocupar\u00e1 un espacio y que la duraci\u00f3n total del v\u00eddeo, t\u00edtulos incluidos, no puede ser superior a los 180 segundos.\n<h3>\u00bfPuedo utilizar inteligencia artificial?<\/h3>\nNo se permite el uso de una IA para elaborar el v\u00eddeo, puesto que el jurado valorar\u00e1 la creatividad de los participantes y la calidad de las propuestas. Queremos que sean las personas las que dejen volar la imaginaci\u00f3n y hagan el trabajo, no las m\u00e1quinas.\t\t\t\t\t\t<\/div>\n\t\t\t\t<\/div>\n\t\t\t\t<div class=\"elementor-element elementor-element-beb4c06 sc_height_medium sc_fly_static elementor-widget elementor-widget-spacer\" data-id=\"beb4c06\" data-element_type=\"widget\" data-widget_type=\"spacer.default\">\n\t\t\t\t<div class=\"elementor-widget-container\">\n\t\t\t\t\t<div class=\"elementor-spacer\">\n\t\t\t<div class=\"elementor-spacer-inner\"><\/div>\n\t\t<\/div>\n\t\t\t\t<\/div>\n\t\t\t\t<\/div>\n\t\t\t\t\t<\/div>\n\t\t<\/div>\n\t\t\t\t\t<\/div>\n\t\t<\/section>\n\t\t\t\t<\/div>\n\t\t","protected":false},"excerpt":{"rendered":"<p>PREGUNTAS FRECUENTES \u00bfC\u00f3mo puedo participar? Escribe tu guion, graba tu v\u00eddeo y s\u00fabelo a una de tus redes sociales Para presentarlo al concurso tienes que enviar un correo electr\u00f3nico a&hellip;<\/p>\n","protected":false},"author":1,"featured_media":0,"parent":0,"menu_order":0,"comment_status":"closed","ping_status":"closed","template":"","meta":{"footnotes":""},"class_list":["post-24284","page","type-page","status-publish","hentry"],"_links":{"self":[{"href":"https:\/\/tibmetratges.net\/es\/wp-json\/wp\/v2\/pages\/24284"}],"collection":[{"href":"https:\/\/tibmetratges.net\/es\/wp-json\/wp\/v2\/pages"}],"about":[{"href":"https:\/\/tibmetratges.net\/es\/wp-json\/wp\/v2\/types\/page"}],"author":[{"embeddable":true,"href":"https:\/\/tibmetratges.net\/es\/wp-json\/wp\/v2\/users\/1"}],"replies":[{"embeddable":true,"href":"https:\/\/tibmetratges.net\/es\/wp-json\/wp\/v2\/comments?post=24284"}],"version-history":[{"count":21,"href":"https:\/\/tibmetratges.net\/es\/wp-json\/wp\/v2\/pages\/24284\/revisions"}],"predecessor-version":[{"id":24988,"href":"https:\/\/tibmetratges.net\/es\/wp-json\/wp\/v2\/pages\/24284\/revisions\/24988"}],"wp:attachment":[{"href":"https:\/\/tibmetratges.net\/es\/wp-json\/wp\/v2\/media?parent=24284"}],"curies":[{"name":"wp","href":"https:\/\/api.w.org\/{rel}","templated":true}]}}