{"id":24283,"date":"2023-10-10T08:16:51","date_gmt":"2023-10-10T08:16:51","guid":{"rendered":"https:\/\/tibmetratges.net\/i-concurs\/"},"modified":"2024-09-12T12:56:31","modified_gmt":"2024-09-12T12:56:31","slug":"concurso","status":"publish","type":"page","link":"https:\/\/tibmetratges.net\/es\/concurso\/","title":{"rendered":"Concurso"},"content":{"rendered":"\t\t<div data-elementor-type=\"wp-page\" data-elementor-id=\"24283\" class=\"elementor elementor-24283 elementor-23927\">\n\t\t\t\t\t\t<section class=\"elementor-section elementor-top-section elementor-element elementor-element-3b86507 elementor-section-boxed elementor-section-height-default elementor-section-height-default sc_fly_static\" data-id=\"3b86507\" data-element_type=\"section\">\n\t\t\t\t\t\t<div class=\"elementor-container elementor-column-gap-extended\">\n\t\t\t\t\t<div class=\"elementor-column elementor-col-100 elementor-top-column elementor-element elementor-element-b16d9a7 sc_inner_width_none sc_content_align_inherit sc_layouts_column_icons_position_left sc_fly_static\" data-id=\"b16d9a7\" data-element_type=\"column\">\n\t\t\t<div class=\"elementor-widget-wrap elementor-element-populated\">\n\t\t\t\t\t\t<div class=\"elementor-element elementor-element-a044b3c sc_fly_static elementor-widget elementor-widget-trx_widget_slider\" data-id=\"a044b3c\" data-element_type=\"widget\" data-widget_type=\"trx_widget_slider.default\">\n\t\t\t\t<div class=\"elementor-widget-container\">\n\t\t\t<div class=\"widget_area sc_widget_slider\"><aside class=\"widget widget_slider\">\t\t\t<div class=\"slider_wrap slider_engine_revo slider_alias_home-1-1-1-1\">\n\t\t\t\t<div class=\"wp-block-themepunch-revslider 0\">\n\t\t\t<!-- START Home 1 1 1 1 REVOLUTION SLIDER 6.6.16 --><p class=\"rs-p-wp-fix\"><\/p>\n\t\t\t<rs-module-wrap id=\"rev_slider_6_1_wrapper\" data-source=\"gallery\" style=\"visibility:hidden;background:transparent;padding:0;margin:0px auto;margin-top:0;margin-bottom:0;\">\n\t\t\t\t<rs-module id=\"rev_slider_6_1\" style=\"\" data-version=\"6.6.16\">\n\t\t\t\t\t<rs-slides style=\"overflow: hidden; position: absolute;\">\n\t\t\t\t\t\t<rs-slide style=\"position: absolute;\" data-key=\"rs-12\" data-title=\"Slide\" data-anim=\"adpr:false;ms:1000ms;\" data-in=\"o:0;\" data-out=\"a:false;\">\n\t\t\t\t\t\t\t<img fetchpriority=\"high\" decoding=\"async\" src=\"\/\/tibmetratges.net\/wp-content\/plugins\/revslider\/public\/assets\/assets\/dummy.png\" alt=\"I Concurs header\" title=\"I Concurs header\" width=\"1600\" height=\"534\" class=\"rev-slidebg tp-rs-img rs-lazyload\" data-lazyload=\"\/\/tibmetratges.net\/wp-content\/uploads\/2023\/10\/Imagen-de-WhatsApp-2023-10-10-a-las-11.04.59_c7bb58cd.jpg\" data-parallax=\"off\" data-panzoom=\"d:10000;ss:100;se:110%;\" data-no-retina>\n<!--\n\t\t\t\t\t\t\t--><rs-layer\n\t\t\t\t\t\t\t\tid=\"slider-6-slide-12-layer-3\" \n\t\t\t\t\t\t\t\tdata-type=\"text\"\n\t\t\t\t\t\t\t\tdata-rsp_ch=\"on\"\n\t\t\t\t\t\t\t\tdata-xy=\"x:c;y:m;\"\n\t\t\t\t\t\t\t\tdata-text=\"w:normal;s:93,69,37,22;l:116,87,47,28;a:center;\"\n\t\t\t\t\t\t\t\tdata-dim=\"w:434px,325px,175px,107px;\"\n\t\t\t\t\t\t\t\tdata-frame_999=\"o:0;st:w;\"\n\t\t\t\t\t\t\t\tstyle=\"z-index:7;font-family:'Lucida Sans Unicode', 'Lucida Grande', 'sans-serif';\"\n\t\t\t\t\t\t\t>Concurso \n\t\t\t\t\t\t\t<\/rs-layer><!--\n-->\t\t\t\t\t\t<\/rs-slide>\n\t\t\t\t\t<\/rs-slides>\n\t\t\t\t\t<rs-static-layers><!--\n\t\t\t\t\t--><\/rs-static-layers>\n\t\t\t\t<\/rs-module>\n\t\t\t\t<script>\n\t\t\t\t\tsetREVStartSize({c: 'rev_slider_6_1',rl:[1240,1460,785,500],el:[860,700,480,480],gw:[1920,1440,778,480],gh:[860,700,480,480],type:'standard',justify:'',layout:'fullwidth',mh:\"0\"});if (window.RS_MODULES!==undefined && window.RS_MODULES.modules!==undefined && window.RS_MODULES.modules[\"revslider61\"]!==undefined) {window.RS_MODULES.modules[\"revslider61\"].once = false;window.revapi6 = undefined;if (window.RS_MODULES.checkMinimal!==undefined) window.RS_MODULES.checkMinimal()}\n\t\t\t\t<\/script>\n\t\t\t<\/rs-module-wrap>\n\t\t\t<!-- END REVOLUTION SLIDER -->\n<\/div>\t\t\t<\/div>\n\t\t\t<\/aside><\/div>\t\t<\/div>\n\t\t\t\t<\/div>\n\t\t\t\t\t<\/div>\n\t\t<\/div>\n\t\t\t\t\t<\/div>\n\t\t<\/section>\n\t\t\t\t<section class=\"elementor-section elementor-top-section elementor-element elementor-element-e6ca105 elementor-section-boxed elementor-section-height-default elementor-section-height-default sc_fly_static\" data-id=\"e6ca105\" data-element_type=\"section\">\n\t\t\t\t\t\t<div class=\"elementor-container elementor-column-gap-extended\">\n\t\t\t\t\t<div class=\"elementor-column elementor-col-100 elementor-top-column elementor-element elementor-element-693dad6 sc_inner_width_none sc_content_align_inherit sc_layouts_column_icons_position_left sc_fly_static\" data-id=\"693dad6\" data-element_type=\"column\">\n\t\t\t<div class=\"elementor-widget-wrap elementor-element-populated\">\n\t\t\t\t\t\t<div class=\"elementor-element elementor-element-81afd2e sc_fly_static elementor-widget elementor-widget-text-editor\" data-id=\"81afd2e\" data-element_type=\"widget\" data-widget_type=\"text-editor.default\">\n\t\t\t\t<div class=\"elementor-widget-container\">\n\t\t\t\t\t\t\t<h5><span style=\"font-size: 30px;\"><b>Concurso de Tibmetratges<\/b><\/span><\/h5>\n<p><span style=\"color: #000000;\"><span style=\"font-size: medium;\"><span lang=\"ca-ES\">Tibmetratges <\/span><\/span><\/span><span style=\"color: #000000;\"><span style=\"font-size: medium;\"><span lang=\"ca-ES\">nace para contribuir a fomentar la creatividad entre todas las personas que ven en el transporte p\u00fablico y su entorno verdaderas oportunidades para crear historias, para contar vivencias, para mostrar im\u00e1genes de todo aquello que se puede hacer y todo aquello que puede pasar en un bus interurbano o en otro medio de transporte p\u00fablico colectivo y su entorno, paradas, estaciones o itinerarios, y en el amplio escenario de las Islas Baleares. <\/span><\/span><\/span><\/p>\n<p><span style=\"color: #000000;\"><span lang=\"ca-ES\"><span style=\"font-size: medium;\">Son muchos los valores sociale<\/span><\/span><\/span><span style=\"color: #000000;\"><span lang=\"es-ES\"><span style=\"font-size: medium;\">s<\/span><\/span><\/span><span style=\"color: #000000;\"><span style=\"font-size: medium;\"><span lang=\"ca-ES\"> y culturales que puede alojar en el \u00e1mbito de la movilidad interurbana en nuestras islas, desde el punto de vista del ocio, del trabajo, de los sentimientos, de la cultura y la formaci\u00f3n, de los encuentros entre las personas\u2026 Como es mucho el talento de tantas personas que cada d\u00eda, a menudo o espor\u00e1dicamente, se mueven dentro del entorno del transporte p\u00fablico colectivo interurbano. Un talento y una creatividad que no siempre se manifiestan p\u00fablicamente y que ahora, con este concurso, tienen la oportunidad de ver la luz, de empezar a rodar, ser compartidos y premiados en forma de cortometraje. <\/span><\/span><\/span><\/p>\n<p><span style=\"color: #000000;\"><span style=\"font-size: medium;\"><span lang=\"ca-ES\">As\u00ed, Tibmetratges quiere ser un modesto festival amateur en el que los creadores de historias audiovisuales que quieran participar tienen que centrar sus guiones y producciones dentro del entorno de bus interurbano de las Islas Baleares y otros posibles medios de transporte p\u00fablico interurbano de la red TIB de Mallorca.<\/span><\/span><\/span><\/p>\t\t\t\t\t\t<\/div>\n\t\t\t\t<\/div>\n\t\t\t\t\t<\/div>\n\t\t<\/div>\n\t\t\t\t\t<\/div>\n\t\t<\/section>\n\t\t\t\t<\/div>\n\t\t","protected":false},"excerpt":{"rendered":"<p>Concurso de Tibmetratges Tibmetratges nace para contribuir a fomentar la creatividad entre todas las personas que ven en el transporte p\u00fablico y su entorno verdaderas oportunidades para crear historias, para&hellip;<\/p>\n","protected":false},"author":1,"featured_media":0,"parent":0,"menu_order":0,"comment_status":"closed","ping_status":"closed","template":"","meta":{"footnotes":""},"class_list":["post-24283","page","type-page","status-publish","hentry"],"_links":{"self":[{"href":"https:\/\/tibmetratges.net\/es\/wp-json\/wp\/v2\/pages\/24283"}],"collection":[{"href":"https:\/\/tibmetratges.net\/es\/wp-json\/wp\/v2\/pages"}],"about":[{"href":"https:\/\/tibmetratges.net\/es\/wp-json\/wp\/v2\/types\/page"}],"author":[{"embeddable":true,"href":"https:\/\/tibmetratges.net\/es\/wp-json\/wp\/v2\/users\/1"}],"replies":[{"embeddable":true,"href":"https:\/\/tibmetratges.net\/es\/wp-json\/wp\/v2\/comments?post=24283"}],"version-history":[{"count":9,"href":"https:\/\/tibmetratges.net\/es\/wp-json\/wp\/v2\/pages\/24283\/revisions"}],"predecessor-version":[{"id":24926,"href":"https:\/\/tibmetratges.net\/es\/wp-json\/wp\/v2\/pages\/24283\/revisions\/24926"}],"wp:attachment":[{"href":"https:\/\/tibmetratges.net\/es\/wp-json\/wp\/v2\/media?parent=24283"}],"curies":[{"name":"wp","href":"https:\/\/api.w.org\/{rel}","templated":true}]}}